{"id":27,"date":"2026-04-20T07:52:38","date_gmt":"2026-04-20T07:52:38","guid":{"rendered":"http:\/\/doper.parcelselector.com\/?product=100-creatine-monohydrate-strength-mass-pump-performance-gymbeam-1000g-unflavored"},"modified":"2026-04-20T09:48:37","modified_gmt":"2026-04-20T09:48:37","slug":"100-creatine-monohydrate-strength-mass-pump-performance-gymbeam-1000g-unflavored","status":"publish","type":"product","link":"https:\/\/doper.parcelselector.com\/?product=100-creatine-monohydrate-strength-mass-pump-performance-gymbeam-1000g-unflavored","title":{"rendered":"100% CREATINE MONOHYDRATE STRENGTH MASS PUMP PERFORMANCE GymBeam 1000g Unflavored"},"content":{"rendered":"<div class=\"mpof_ki myre_zn myre_8v_l m389_6m_l\">\n<div class=\"mp4t_16_s mryx_16_s mr3m_1 mli2_1 mh85_56 mh85_0_l\">\n<div class=\"mgn2_16 _0d3bd_am0a-\">\n<h1>100% Monohydrate Creatine to increase physical fitness during short, repeated bouts of high-intensity exercise for athletes<\/h1>\n<\/div>\n<\/div>\n<\/div>\n<div class=\"mpof_ki myre_zn myre_8v_l m389_6m_l\">\n<div class=\"mp4t_16_s mryx_16_s mr3m_1 mli2_1 mh85_56 mh85_0_l\">\n<div class=\"mg9e_8 mj7a_8 mg9e_0_s mvrt_0_s mj7a_0_s mh36_0_s mzmg_6m munh_16_l m3h2_16_l\">\n<div class=\"mp4t_0 mryx_0 munh_56 m3h2_56\" style=\"max-width:2560px;max-height:2560px\">\n<div class=\"mp7g_oh\" style=\"padding-top:calc(100% * 2560 \/ 2560)\"><button aria-disabled=\"true\" class=\"mg9e_0 mvrt_0 mj7a_0 mh36_0 mp4t_0 m3h2_0 mryx_0 munh_0 mqen_m6 mpof_z0 mx7m_0 m7er_k4 mse2_k4 msts_pt\" data-analytics-interaction=\"true\" data-analytics-interaction-label=\"zoomable-image-open\"><img alt=\"CREATINE 100% MONOHYDRATE STRENGTH MASS POMP ENDURANCE GymBeam 1000g Unflavored\" class=\"msub_k4 mupj_5k mjru_k4 mse2_k4 mp7g_f6 mq1m_0 mj7u_0 m7er_k4 lazyload mqen_m6 m31c_d8 m0ux_fp\" data-src=\"https:\/\/a.allegroimg.com\/original\/11465a\/fff2b9a04599b8065df5addef289\/KREATYNA-100-MONOHYDR\n\n\n<div class=\"rich-text\">\n<p>OSC-GymBeam-1000g-bez-smaku<\/p>\n<p>    <img loading=\"lazy\" decoding=\"async\" src=\"https:\/\/a.allegroimg.com\/s360\/11465a\/fff2b9a04599b8065df5addef289\/KREATYNA-100-MONOHYDRAT-SILA-MASA-POMPA-WYDOLNOSC-GymBeam-1000g-bez-smaku 360w\" alt=\"Kreatyna - Monohydrat Kreatyny, Si\u0142a Masa Pompa Wydolno\u015b\u0107 GymBeam 1000 g bez smaku\" width=\"360\" height=\"392\"><\/p>\n<p>KREATYNA &ndash; MONOHYDRAT KREATYNY, SI\u0141A MASA POMPA WYDOLNO\u015a\u0106 GymBeam 1000 g bez smaku<\/p>\n<p>Monohydrat kreatyny to najlepiej przebadana i skuteczna forma wspomagania wysi\u0142ku fizycznego. Wspiera on syntez\u0119 ATP (g\u0142\u00f3wne \u017ar\u00f3d\u0142o energii dla mi\u0119\u015bni) oraz regeneracj\u0119 po treningu, co przyczynia si\u0119 do zwi\u0119kszenia si\u0142y i masy mi\u0119\u015bniowej.<\/p>\n<p>Korzy\u015bci stosowania monohydratu kreatyny:<\/p>\n<ul>\n<li>Zwi\u0119ksza wydajno\u015b\u0107 podczas intensywnych trening\u00f3w<\/li>\n<li>Przyspiesza regeneracj\u0119 mi\u0119\u015bni po wysi\u0142ku<\/li>\n<li>Wspomaga przyrost masy i si\u0142y mi\u0119\u015bniowej<\/li>\n<li>Poprawia wytrzyma\u0142o\u015b\u0107 podczas \u0107wicze\u0144<\/li>\n<\/ul>\n<p>Dawkowanie:<\/p>\n<ul>\n<li>\n<button class=\"au-animate-opacity au-animate-scale-up\" data-sizing=\"holder\/placeholder-405f0677c6.svg\" srcset=\"https:\/\/assets.allegrostatic.com\/metrum\/metrum-placeholder\/placeholder-405f0677c6.svg\" width=\"2560px\"><\/button><\/div>\n<\/div>\n<\/div>\n<\/div>\n<div class=\"mp4t_16_s mryx_16_s mr3m_1 mli2_1 mh85_56 mh85_0_l\">\n<div class=\"mgn2_16 _0d3bd_am0a-\">\n<p><b>100% Creatine Monohydrate<\/b> will be appreciated by anyone who takes their training seriously. It is an effective and well-known sports supplement used to <b>increase performance<\/b> during short, consecutive intervals of intensive exercise. This can manifest itself in various ways such as lifting a heavier weight on the barbell, more repetitions of a given exercise or longer sprints. The condition for this is however consuming 3 g per day which this creatine monohydrate easily fulfils.<\/p>\n<p><strong>100% Creatine Monohydrate<\/strong> is suitable for <strong>strength athletes, <\/strong>crossfit fans, HIIT or wrestling enthusiasts. In addition, it will not be missing from the set of all other athletes who undergo intensive interval training, such as <strong>team sport players,<\/strong> for example, football, ice hockey, basketball or handball players. It can be used by <strong>men and women<\/strong> regardless of whether they are professional athletes, amateur enthusiasts or fitness lovers and active lifestyle fans.<\/p>\n<\/div>\n<\/div>\n<\/div>\n<div class=\"mpof_ki myre_zn myre_8v_l m389_6m_l\">\n<div class=\"mp4t_16_s mryx_16_s mr3m_1 mli2_1 mh85_56 mh85_0_l\">\n<div class=\"mgn2_16 _0d3bd_am0a-\">\n<h1>100% Creatine Monohydrate &#8211; a proven supplement without unnecessary additives for everyone who trains intensively<\/h1>\n<\/div>\n<\/div>\n<\/div>\n<p>100% Creatine Monohydrate is one of the <b>most researched supplements for athletes.<\/b> It works by storing in the body as creatine phosphate, which serves as a quick source of energy (ATP) for muscle work. As a result, it increases physical performance during short, repeated bouts of intense exercise. This is especially important for <b>short-term, explosive or strength endurance.<\/b> In practice, this can mean<b> more reps on heavy squats, faster sprints, or higher intensity<\/b> during a challenging CrossFit WOD.<br \/>\nCreatine Monohydrate Powder fits into your routine, whether you&#8217;re engaging in strength training, team sports, running, or participating in HIIT or CrossFit. It is beneficial for <b>both men and women<\/b>, regardless of their fitness level. For those over 55, it can also support the <b>effect of strength training.<\/b> This should be done at least three times a week, with gradually increasing load and intensity corresponding to 65-75% of one&#8217;s maximum single repetition. To achieve all the benefits of creatine, it is necessary to consume <b>3 g every day.<\/b><\/p>\n<p>The advantage of <b>100% Creatine Monohydrate<\/b> is its pure composition. It <b>does not contain gluten, lactose, GMOs<\/b>, or any unnecessary additives. In the unflavored version, you will find only <b>pure creatine monohydrate<\/b> without artificial sweeteners.<\/p\nJust mix it with water, juice or any other beverage and drink before, during or after training or at any time of the day. Choose from <b>refreshing fruity flavours<\/b> or opt for the <b>unflavoured version<\/b> which can easily be added to your protein shake or yoghurt.<\/p>\n<h2>100% Monohydrate Creatine and Its Benefits<\/h2>\n<ul>\n<li>Monohydrate creatine in a soluble powder form.<\/li>\n<li>Increases physical performance during brief bouts of repeated high-intensity exercise.<\/li>\n<li>May support the effect of strength training in people over 55 years old.<\/li>\n<li>Suitable before, during and after training.<\/li>\n<li>Available in refreshing fruity flavours and unflavoured version<\/li>\n<li>Unflavoured version contains only pure monohydrate creatine without artificial sweeteners.<\/li>\n<li>Gluten-, lactose- and GMO-free.<\/li>\n<li>Perfect for athletes at all levels.<\/li>\n<\/ul>\n<li>Great creatine for women<\/li>\n<li>Suitable for vegans<\/li>\n<li>Made in the EU<\/li>\n<\/ul>\n<h2>Ingredients<\/h2>\n<p><b>Unflavoured:<\/b> Creatine monohydrate.<\/p>\n<p><b>Green Apple:<\/b>\u00a0Creatine monohydrate, acidity regulator (malic acid), flavour, colour (chlorophyll), sweetener (sucrase).<\/p>\n<p><b>Lime Lemon:<\/b> Creatine monohydrate, acidity regulator (malic acid), flavour, colour (chlorophyll), sweetener (sucrase).<\/p>\n<p><b>Mango Passionfruit:<\/b>\u00a0Creatine monohydrate, acidity regulator (citric acid), (natural) flavour, sweetener (sucrase), colour (beetroot red, beta-carotene).<\/p>\n<h2>Dosage<\/h2>\n<p>Mix 1 scoop (5 g) with 250 ml of water. Consume once daily.<\/p>\n<h2>Warning<\/h2>\n<p>Food supplement with sweetener. Do not exceed the recommended daily intake. The product is not a substitute for a varied and balanced diet. Not suitable for children, pregnant or breastfeeding women. Store in a place out of reach of small children. Keep dry, away from direct sunlight at room temperature.<\/p>\n<\/div>\n<\/div>\n<\/div>\n<div class=\"mpof_ki myre_zn myre_8v_l m389_6m_l\">\n<div class=\"mp4t_16_s mryx_16_s mr3m_1 mli2_1 mh85_56 mh85_0_l\">\n<div class=\"mgn2_16 _0d3bd_am0a-\">\n<ul>\n<li><b>Form:<\/b> powder<\/li>\n<li><b>Vegan:<\/b> yes<\/li>\n<li><b>Vegetarian:<\/b> yes<\/li>\n<li><b>Lactose free:<\/b> yes<\/li>\n<li><b>Gluten free:<\/b> yes<\/li>\n<li><b>BIO:<\/b> no<\/li>\n<li><b>GMO free:<\/b> yes<\/li>\n<li><b>No artificial sweetener:<\/b> yes<\/li>\n<\/ul>\n<\/div>\n<\/div>\n<\/div>\n<div class=\"mpof_ki myre_zn myre_8v_l m389_6m_l\">\n<div class=\"mp4t_16_s mryx_16_s mr3m_1 mli2_1 mh85_56 mh85_0_l\">\n<div class=\"mgn2_16 _0d3bd_am0a-\">\n<p><b>100% Monohydrate Creatine<\/b> is a supplement verified by thousands of studies and is the basis in the world of sports nutrition. <b>Increases performance<\/b> during short-term, repeated bouts of intense exercise. For this reason, it is appreciated by <b>athletes of all categories.<\/b><\/p>\n<\/div>\n<\/div>\n<\/div>\n<div class=\"mp4t_16_s mryx_16_s mr3m_1 mli2_1 mh85_56 mh85_0_l\">\n<div class=\"mg9e_8 mj7a_8 mg9e_0_s mvrt_0_s mj7a_0_s mh36_0_s mzmg_6m munh_16_l m3h2_16_l\">\n<div class=\"mp4t_0 mryx_0 munh_56 m3h2_56\" style=\"max-width:2560px;max-height:2560px\">\n<div class=\"mp7g_oh\" style=\"padding-top:calc(100% * 2560 \/ 2560)\"><button aria-disabled=\"true\" class=\"mg9e_0 mvrt_0 mj7a_0 mh36_0 mp4t_0 m3h2_0 mryx_0 munh_0 mqen_m6 mpof_z0 mx7m_0 m7er_k4 mse2_k4 msts_pt\" data-analytics-interaction=\"true\" data-analytics-interaction-label=\"zoomable-image-open\"><img decoding=\"async\" alt=\"CREATINE 100% MONOHYDRATE STRENGTH MASS POMP ENDURANCE GymBeam 1000g Unflavored\" class=\"msub_k4 mupj_5k mjru_k4 mse2_k4 mp7g_f6 mq1m_0 mj7u_0 m7er_k4 lazyload mqen_m6 m31c_d8 m0ux_fp\" data-src=\"https:\/\/a.allegroimg.com\/original\/11465a\/fff2b9a04599b8065df5addef289\/KREATYNA-100-MONOHYDRAT-SILA-MASA-POMPA-WYDOLNOSC-GymBeam-100\n<img decoding=\"async\" src=\"https:\/\/a.allegroimg.com\/s360\/11465a\/fff2b9a04599b8065df5addef289\/KREATYNA-100-MONOHYDRAT-SILA-MASA-POMPA-WYDOLNOSC-GymBeam-1000g-bez-smaku 360w,https:\/\/a.allegroimg.com\/s720\/11465a\/fff2b9a04599b8065df5addef289\/KREATYNA-100-MONOHYDRAT-SILA-MASA-POMPA-WYDOLNOSC-GymBeam-1000g-bez-smaku 720w,https:\/\/a.allegroimg.com\/s1024\/11465a\/fff2b9a04599b8065df5addef289\/KREATYNA-100-MONOHYDRAT-SILA-MASA-POMPA-WYDOLNOSC-GymBeam-1000g-bez-smaku 1024w,https:\/\/a.allegroimg.com\/s1440\/11465a\/fff2b9a04599b8065df5addef289\/KREATYNA-100-MONOHYDRAT-SILA-MASA-POMPA-WYDOLNOSC-GymBeam-1000g-bez-smaku 1440w,https:\/\/a.allegroimg.com\/original\/11465a\/fff2b9a04599b8065df5addef289\/KREATYNA-100-MONOHYDRAT-SILA-MASA-POMPA-WYDOLNOSC-GymBeam-1000g-bez-smaku 2560w\"\n\/\/assets.allegrostatic.com\/metrum\/metrum-placeholder\/placeholder-405f0677c6.svg\" width=\"2560px\"\/><\/button><\/div>\n<\/div>\n<\/div>\n<\/div>\n<\/div>\n","protected":false},"excerpt":{"rendered":"<p>100% Monohydrate Creatine to increase physical fitness during short, repeated bouts of high-intensity exercise for athletes<\/p>\n","protected":false},"featured_media":134,"comment_status":"open","ping_status":"closed","template":"","meta":[],"product_brand":[],"product_cat":[15],"product_tag":[],"class_list":{"0":"post-27","1":"product","2":"type-product","3":"status-publish","4":"has-post-thumbnail","6":"product_cat-uncategorized","8":"first","9":"instock","10":"shipping-taxable","11":"purchasable","12":"product-type-simple"},"_links":{"self":[{"href":"https:\/\/doper.parcelselector.com\/index.php?rest_route=\/wp\/v2\/product\/27","targetHints":{"allow":["GET"]}}],"collection":[{"href":"https:\/\/doper.parcelselector.com\/index.php?rest_route=\/wp\/v2\/product"}],"about":[{"href":"https:\/\/doper.parcelselector.com\/index.php?rest_route=\/wp\/v2\/types\/product"}],"replies":[{"embeddable":true,"href":"https:\/\/doper.parcelselector.com\/index.php?rest_route=%2Fwp%2Fv2%2Fcomments&post=27"}],"wp:featuredmedia":[{"embeddable":true,"href":"https:\/\/doper.parcelselector.com\/index.php?rest_route=\/wp\/v2\/media\/134"}],"wp:attachment":[{"href":"https:\/\/doper.parcelselector.com\/index.php?rest_route=%2Fwp%2Fv2%2Fmedia&parent=27"}],"wp:term":[{"taxonomy":"product_brand","embeddable":true,"href":"https:\/\/doper.parcelselector.com\/index.php?rest_route=%2Fwp%2Fv2%2Fproduct_brand&post=27"},{"taxonomy":"product_cat","embeddable":true,"href":"https:\/\/doper.parcelselector.com\/index.php?rest_route=%2Fwp%2Fv2%2Fproduct_cat&post=27"},{"taxonomy":"product_tag","embeddable":true,"href":"https:\/\/doper.parcelselector.com\/index.php?rest_route=%2Fwp%2Fv2%2Fproduct_tag&post=27"}],"curies":[{"name":"wp","href":"https:\/\/api.w.org\/{rel}","templated":true}]}}